{"id":1159,"date":"2022-12-22T10:54:42","date_gmt":"2022-12-22T09:54:42","guid":{"rendered":"https:\/\/jayso.es\/?page_id=1159"},"modified":"2024-11-27T10:34:31","modified_gmt":"2024-11-27T09:34:31","slug":"mentions-legales","status":"publish","type":"page","link":"https:\/\/jayso.es\/fr\/mentions-legales\/","title":{"rendered":"Mentions L\u00e9gales"},"content":{"rendered":"\t\t<div data-elementor-type=\"wp-page\" data-elementor-id=\"1159\" class=\"elementor elementor-1159 elementor-311\" data-elementor-post-type=\"page\">\n\t\t\t\t\t\t<section class=\"elementor-section elementor-top-section elementor-element elementor-element-8ddd5ae elementor-section-boxed elementor-section-height-default elementor-section-height-default\" data-id=\"8ddd5ae\" data-element_type=\"section\">\n\t\t\t\t\t\t<div class=\"elementor-container elementor-column-gap-default\">\n\t\t\t\t\t<div class=\"elementor-column elementor-col-100 elementor-top-column elementor-element elementor-element-9ff4576\" data-id=\"9ff4576\" data-element_type=\"column\">\n\t\t\t<div class=\"elementor-widget-wrap elementor-element-populated\">\n\t\t\t\t\t\t<div class=\"elementor-element elementor-element-9137049 elementor-widget elementor-widget-heading\" data-id=\"9137049\" data-element_type=\"widget\" data-widget_type=\"heading.default\">\n\t\t\t\t<div class=\"elementor-widget-container\">\n\t\t\t<h1 class=\"elementor-heading-title elementor-size-default\">Mentions L\u00e9gales<\/h1>\t\t<\/div>\n\t\t\t\t<\/div>\n\t\t\t\t<div class=\"elementor-element elementor-element-fae0494 elementor-widget elementor-widget-text-editor\" data-id=\"fae0494\" data-element_type=\"widget\" data-widget_type=\"text-editor.default\">\n\t\t\t\t<div class=\"elementor-widget-container\">\n\t\t\t\t\t\t\t<p>Conform\u00e9ment \u00e0 la loi 34\/2002 du 11 juillet relative aux services de la soci\u00e9t\u00e9 de l&rsquo;information et au commerce \u00e9lectronique, nous vous communiquons les informations suivantes:<\/p><p><strong>Propri\u00e9taire de ce site:<\/strong><\/p><p><strong>FORJAS JAYSO S.L.<\/strong> <\/p><ul><li>C.I.F: B96492616<\/li><li>Adresse: C\/ Bassols n\u00ba 5 Pol Moncada II, 46113, Moncada, Valencia<\/li><li>Tel.: <a href=\"tel:+34961301382\">+34 961 30 13 82<\/a><\/li><li>Courriel\u00a0: <a href=\"mailto:expedicion@jayso.net\">expedicion@jayso.net<\/a><\/li><\/ul><p>L&rsquo;utilisation du contenu et\/ou des services du portail par l&rsquo;utilisateur implique l&rsquo;acceptation expresse des conditions suivantes:<\/p>\t\t\t\t\t\t<\/div>\n\t\t\t\t<\/div>\n\t\t\t\t<div class=\"elementor-element elementor-element-9664e21 elementor-widget elementor-widget-heading\" data-id=\"9664e21\" data-element_type=\"widget\" data-widget_type=\"heading.default\">\n\t\t\t\t<div class=\"elementor-widget-container\">\n\t\t\t<h2 class=\"elementor-heading-title elementor-size-default\">Conditions d'utilisation du portail:<\/h2>\t\t<\/div>\n\t\t\t\t<\/div>\n\t\t\t\t<div class=\"elementor-element elementor-element-7467959 elementor-widget elementor-widget-text-editor\" data-id=\"7467959\" data-element_type=\"widget\" data-widget_type=\"text-editor.default\">\n\t\t\t\t<div class=\"elementor-widget-container\">\n\t\t\t\t\t\t\t<p><strong>FORJAS JAYSO S.L.<\/strong> se r\u00e9serve le droit d&rsquo;apporter des modifications au contenu de ce portail sans pr\u00e9avis, ainsi qu&rsquo;\u00e0 sa configuration et sa pr\u00e9sentation. Ce portail peut contenir des liens vers des pages externes, n&rsquo;\u00e9tant pas <strong>FORJAS JAYSO S.L.<\/strong> responsable du contenu desdites pages externes ou de tout autre aspect qui y est li\u00e9.<\/p><p>Les textes, images, logos et autres contenus inclus dans ce portail sont la propri\u00e9t\u00e9 de <strong>FORJAS JAYSO S.L.<\/strong> La transmission, la distribution, la reproduction ou le stockage, en tout ou en partie, sont interdits, sauf accord pr\u00e9alable de <strong>FORJAS JAYSO S.L.<\/strong> et sauf indication contraire.<\/p><p>Afin d&rsquo;installer ou d&rsquo;utiliser un logiciel disponible en t\u00e9l\u00e9chargement \u00e0 partir de ce portail, vous devez d&rsquo;abord accepter les termes du contrat de licence, le cas \u00e9ch\u00e9ant, qui accompagne ou est inclus avec le logiciel. <strong>FORJAS JAYSO S.L.<\/strong> n&rsquo;est pas responsable des dommages \u00e9ventuels pouvant survenir en raison de l&rsquo;utilisation de versions obsol\u00e8tes de navigateurs, ni des cons\u00e9quences pouvant d\u00e9couler d&rsquo;un mauvais fonctionnement du navigateur, que ce soit en raison d&rsquo;une mauvaise configuration, de la pr\u00e9sence de virus informatiques ou de toute autre cause ind\u00e9pendante de la volont\u00e9 de <strong>FORJAS JAYSO S.L.<\/strong><\/p>\t\t\t\t\t\t<\/div>\n\t\t\t\t<\/div>\n\t\t\t\t<div class=\"elementor-element elementor-element-bf76cc2 elementor-widget elementor-widget-heading\" data-id=\"bf76cc2\" data-element_type=\"widget\" data-widget_type=\"heading.default\">\n\t\t\t\t<div class=\"elementor-widget-container\">\n\t\t\t<h2 class=\"elementor-heading-title elementor-size-default\">Protection des donn\u00e9es personnelles<\/h2>\t\t<\/div>\n\t\t\t\t<\/div>\n\t\t\t\t<div class=\"elementor-element elementor-element-e45762b elementor-widget elementor-widget-text-editor\" data-id=\"e45762b\" data-element_type=\"widget\" data-widget_type=\"text-editor.default\">\n\t\t\t\t<div class=\"elementor-widget-container\">\n\t\t\t\t\t\t\t<p>Conform\u00e9ment \u00e0 la loi organique 3\/2018 du 5 d\u00e9cembre sur la protection des donn\u00e9es personnelles et la garantie des droits num\u00e9riques, <strong>FORJAS JAYSO S.L.<\/strong> vous informe que les donn\u00e9es personnelles que vous nous fournissez en remplissant tout formulaire d&rsquo;inscription, de demande ou de requ\u00eate qui appara\u00eet sur ce site Web seront trait\u00e9es et collect\u00e9es dans le cadre d&rsquo;une activit\u00e9 de traitement de donn\u00e9es (appel\u00e9e \u00abUTILISATEURS WEB\u00bb) dont le responsable est <strong>FORJAS JAYSO S.L.<\/strong><br \/>Pour exercer vos droits d&rsquo;acc\u00e8s, de rectification, d&rsquo;opposition, de suppression, de portabilit\u00e9 et de limitation du traitement de vos donn\u00e9es personnelles, dans les conditions pr\u00e9vues par la r\u00e9glementation en vigueur sur la protection des donn\u00e9es, vous pouvez le communiquer par \u00e9crit \u00e0 <strong>FORJAS JAYSO S.L.<\/strong>, C\/ Bassols n\u00ba 5 Pol Moncada II, 46113, Moncada, Valencia.<\/p><p>La collecte de vos donn\u00e9es personnelles est effectu\u00e9e dans le but principal de pouvoir vous proposer et vous fournir les produits et\/ou services propos\u00e9s sur ce site Internet.<\/p><p><strong>FORJAS JAYSO S.L.<\/strong> utilisera les donn\u00e9es personnelles fournies par vous exclusivement aux fins indiqu\u00e9es.<\/p><p>Nous ne partageons pas les informations fournies avec des tiers, sauf si la loi ou les proc\u00e9dures l\u00e9gales l&rsquo;exigent, et nous ne vendons en aucun cas ce type d&rsquo;informations.<\/p><p><strong>FORJAS JAYSO S.L.<\/strong> vous informe qu&rsquo;elle a mis en \u0153uvre les mesures de s\u00e9curit\u00e9 techniques et organisationnelles n\u00e9cessaires qui garantissent la s\u00e9curit\u00e9 de vos donn\u00e9es personnelles et emp\u00eachent leur alt\u00e9ration, perte, traitement et\/ou acc\u00e8s non autoris\u00e9, conform\u00e9ment aux dispositions de la loi organique 3\/2018 du d\u00e9cembre. 5, sur la protection des donn\u00e9es personnelles et la garantie des droits num\u00e9riques.<\/p>\t\t\t\t\t\t<\/div>\n\t\t\t\t<\/div>\n\t\t\t\t<div class=\"elementor-element elementor-element-8cdafad elementor-widget elementor-widget-heading\" data-id=\"8cdafad\" data-element_type=\"widget\" data-widget_type=\"heading.default\">\n\t\t\t\t<div class=\"elementor-widget-container\">\n\t\t\t<h2 class=\"elementor-heading-title elementor-size-default\">Loi applicable et juridiction<\/h2>\t\t<\/div>\n\t\t\t\t<\/div>\n\t\t\t\t<div class=\"elementor-element elementor-element-e2c20e3 elementor-widget elementor-widget-text-editor\" data-id=\"e2c20e3\" data-element_type=\"widget\" data-widget_type=\"text-editor.default\">\n\t\t\t\t<div class=\"elementor-widget-container\">\n\t\t\t\t\t\t\t<p>Le pr\u00e9sent avis juridique est r\u00e9gi dans chacun de ses extr\u00eames par la loi espagnole, les Cours et Tribunaux de Valencia \u00e9tant comp\u00e9tents pour r\u00e9soudre tout conflit d\u00e9coulant de ou li\u00e9 \u00e0 l&rsquo;utilisation de ce portail.<\/p>\t\t\t\t\t\t<\/div>\n\t\t\t\t<\/div>\n\t\t\t\t\t<\/div>\n\t\t<\/div>\n\t\t\t\t\t<\/div>\n\t\t<\/section>\n\t\t\t\t<\/div>\n\t\t","protected":false},"excerpt":{"rendered":"<p>Conform\u00e9ment \u00e0 la loi 34\/2002 du 11 juillet relative aux services de la soci\u00e9t\u00e9 de l&rsquo;information et au commerce \u00e9lectronique, nous vous communiquons les informations suivantes: Propri\u00e9taire de ce site: FORJAS JAYSO S.L. C.I.F: B96492616 Adresse: C\/ Bassols n\u00ba 5 Pol Moncada II, 46113, Moncada, Valencia Tel.: +34 961 30 13 82 Courriel\u00a0: expedicion@jayso.net L&rsquo;utilisation [&hellip;]<\/p>\n","protected":false},"author":1,"featured_media":0,"parent":0,"menu_order":99,"comment_status":"closed","ping_status":"closed","template":"","meta":{"footnotes":""},"class_list":["post-1159","page","type-page","status-publish","hentry"],"yoast_head":"<!-- This site is optimized with the Yoast SEO plugin v24.0 - https:\/\/yoast.com\/wordpress\/plugins\/seo\/ -->\n<title>Mentions L\u00e9gales - FORJAS JAYSO<\/title>\n<meta name=\"robots\" content=\"noindex, nofollow\" \/>\n<meta property=\"og:locale\" content=\"fr_FR\" \/>\n<meta property=\"og:type\" content=\"article\" \/>\n<meta property=\"og:title\" content=\"Mentions L\u00e9gales - FORJAS JAYSO\" \/>\n<meta property=\"og:description\" content=\"Conform\u00e9ment \u00e0 la loi 34\/2002 du 11 juillet relative aux services de la soci\u00e9t\u00e9 de l&rsquo;information et au commerce \u00e9lectronique, nous vous communiquons les informations suivantes: Propri\u00e9taire de ce site: FORJAS JAYSO S.L. C.I.F: B96492616 Adresse: C\/ Bassols n\u00ba 5 Pol Moncada II, 46113, Moncada, Valencia Tel.: +34 961 30 13 82 Courriel\u00a0: expedicion@jayso.net L&rsquo;utilisation [&hellip;]\" \/>\n<meta property=\"og:url\" content=\"https:\/\/jayso.es\/fr\/mentions-legales\/\" \/>\n<meta property=\"og:site_name\" content=\"FORJAS JAYSO\" \/>\n<meta property=\"article:publisher\" content=\"https:\/\/www.facebook.com\/muebles.jayso.7\/\" \/>\n<meta property=\"article:modified_time\" content=\"2024-11-27T09:34:31+00:00\" \/>\n<meta property=\"og:image\" content=\"https:\/\/jayso.es\/wp-content\/uploads\/2022\/12\/jayso.jpg\" \/>\n\t<meta property=\"og:image:width\" content=\"400\" \/>\n\t<meta property=\"og:image:height\" content=\"400\" \/>\n\t<meta property=\"og:image:type\" content=\"image\/jpeg\" \/>\n<meta name=\"twitter:card\" content=\"summary_large_image\" \/>\n<meta name=\"twitter:label1\" content=\"Dur\u00e9e de lecture estim\u00e9e\" \/>\n\t<meta name=\"twitter:data1\" content=\"3 minutes\" \/>\n<script type=\"application\/ld+json\" class=\"yoast-schema-graph\">{\"@context\":\"https:\/\/schema.org\",\"@graph\":[{\"@type\":\"WebPage\",\"@id\":\"https:\/\/jayso.es\/fr\/mentions-legales\/\",\"url\":\"https:\/\/jayso.es\/fr\/mentions-legales\/\",\"name\":\"Mentions L\u00e9gales - FORJAS JAYSO\",\"isPartOf\":{\"@id\":\"https:\/\/jayso.es\/fr\/#website\"},\"datePublished\":\"2022-12-22T09:54:42+00:00\",\"dateModified\":\"2024-11-27T09:34:31+00:00\",\"breadcrumb\":{\"@id\":\"https:\/\/jayso.es\/fr\/mentions-legales\/#breadcrumb\"},\"inLanguage\":\"fr-FR\",\"potentialAction\":[{\"@type\":\"ReadAction\",\"target\":[\"https:\/\/jayso.es\/fr\/mentions-legales\/\"]}]},{\"@type\":\"BreadcrumbList\",\"@id\":\"https:\/\/jayso.es\/fr\/mentions-legales\/#breadcrumb\",\"itemListElement\":[{\"@type\":\"ListItem\",\"position\":1,\"name\":\"Portada\",\"item\":\"https:\/\/jayso.es\/fr\/\"},{\"@type\":\"ListItem\",\"position\":2,\"name\":\"Mentions L\u00e9gales\"}]},{\"@type\":\"WebSite\",\"@id\":\"https:\/\/jayso.es\/fr\/#website\",\"url\":\"https:\/\/jayso.es\/fr\/\",\"name\":\"Forjas Jayso\",\"description\":\"\",\"publisher\":{\"@id\":\"https:\/\/jayso.es\/fr\/#organization\"},\"potentialAction\":[{\"@type\":\"SearchAction\",\"target\":{\"@type\":\"EntryPoint\",\"urlTemplate\":\"https:\/\/jayso.es\/fr\/?s={search_term_string}\"},\"query-input\":{\"@type\":\"PropertyValueSpecification\",\"valueRequired\":true,\"valueName\":\"search_term_string\"}}],\"inLanguage\":\"fr-FR\"},{\"@type\":\"Organization\",\"@id\":\"https:\/\/jayso.es\/fr\/#organization\",\"name\":\"Forjas Jayso\",\"url\":\"https:\/\/jayso.es\/fr\/\",\"logo\":{\"@type\":\"ImageObject\",\"inLanguage\":\"fr-FR\",\"@id\":\"https:\/\/jayso.es\/fr\/#\/schema\/logo\/image\/\",\"url\":\"https:\/\/jayso.es\/wp-content\/uploads\/2022\/12\/jayso-hierro-forja-muebles-inicio-logo.svg\",\"contentUrl\":\"https:\/\/jayso.es\/wp-content\/uploads\/2022\/12\/jayso-hierro-forja-muebles-inicio-logo.svg\",\"width\":144,\"height\":100,\"caption\":\"Forjas Jayso\"},\"image\":{\"@id\":\"https:\/\/jayso.es\/fr\/#\/schema\/logo\/image\/\"},\"sameAs\":[\"https:\/\/www.facebook.com\/muebles.jayso.7\/\",\"https:\/\/www.instagram.com\/jaysomuebles_\/\"]}]}<\/script>\n<!-- \/ Yoast SEO plugin. -->","yoast_head_json":{"title":"Mentions L\u00e9gales - FORJAS JAYSO","robots":{"index":"noindex","follow":"nofollow"},"og_locale":"fr_FR","og_type":"article","og_title":"Mentions L\u00e9gales - FORJAS JAYSO","og_description":"Conform\u00e9ment \u00e0 la loi 34\/2002 du 11 juillet relative aux services de la soci\u00e9t\u00e9 de l&rsquo;information et au commerce \u00e9lectronique, nous vous communiquons les informations suivantes: Propri\u00e9taire de ce site: FORJAS JAYSO S.L. C.I.F: B96492616 Adresse: C\/ Bassols n\u00ba 5 Pol Moncada II, 46113, Moncada, Valencia Tel.: +34 961 30 13 82 Courriel\u00a0: expedicion@jayso.net L&rsquo;utilisation [&hellip;]","og_url":"https:\/\/jayso.es\/fr\/mentions-legales\/","og_site_name":"FORJAS JAYSO","article_publisher":"https:\/\/www.facebook.com\/muebles.jayso.7\/","article_modified_time":"2024-11-27T09:34:31+00:00","og_image":[{"width":400,"height":400,"url":"https:\/\/jayso.es\/wp-content\/uploads\/2022\/12\/jayso.jpg","type":"image\/jpeg"}],"twitter_card":"summary_large_image","twitter_misc":{"Dur\u00e9e de lecture estim\u00e9e":"3 minutes"},"schema":{"@context":"https:\/\/schema.org","@graph":[{"@type":"WebPage","@id":"https:\/\/jayso.es\/fr\/mentions-legales\/","url":"https:\/\/jayso.es\/fr\/mentions-legales\/","name":"Mentions L\u00e9gales - FORJAS JAYSO","isPartOf":{"@id":"https:\/\/jayso.es\/fr\/#website"},"datePublished":"2022-12-22T09:54:42+00:00","dateModified":"2024-11-27T09:34:31+00:00","breadcrumb":{"@id":"https:\/\/jayso.es\/fr\/mentions-legales\/#breadcrumb"},"inLanguage":"fr-FR","potentialAction":[{"@type":"ReadAction","target":["https:\/\/jayso.es\/fr\/mentions-legales\/"]}]},{"@type":"BreadcrumbList","@id":"https:\/\/jayso.es\/fr\/mentions-legales\/#breadcrumb","itemListElement":[{"@type":"ListItem","position":1,"name":"Portada","item":"https:\/\/jayso.es\/fr\/"},{"@type":"ListItem","position":2,"name":"Mentions L\u00e9gales"}]},{"@type":"WebSite","@id":"https:\/\/jayso.es\/fr\/#website","url":"https:\/\/jayso.es\/fr\/","name":"Forjas Jayso","description":"","publisher":{"@id":"https:\/\/jayso.es\/fr\/#organization"},"potentialAction":[{"@type":"SearchAction","target":{"@type":"EntryPoint","urlTemplate":"https:\/\/jayso.es\/fr\/?s={search_term_string}"},"query-input":{"@type":"PropertyValueSpecification","valueRequired":true,"valueName":"search_term_string"}}],"inLanguage":"fr-FR"},{"@type":"Organization","@id":"https:\/\/jayso.es\/fr\/#organization","name":"Forjas Jayso","url":"https:\/\/jayso.es\/fr\/","logo":{"@type":"ImageObject","inLanguage":"fr-FR","@id":"https:\/\/jayso.es\/fr\/#\/schema\/logo\/image\/","url":"https:\/\/jayso.es\/wp-content\/uploads\/2022\/12\/jayso-hierro-forja-muebles-inicio-logo.svg","contentUrl":"https:\/\/jayso.es\/wp-content\/uploads\/2022\/12\/jayso-hierro-forja-muebles-inicio-logo.svg","width":144,"height":100,"caption":"Forjas Jayso"},"image":{"@id":"https:\/\/jayso.es\/fr\/#\/schema\/logo\/image\/"},"sameAs":["https:\/\/www.facebook.com\/muebles.jayso.7\/","https:\/\/www.instagram.com\/jaysomuebles_\/"]}]}},"jetpack_sharing_enabled":true,"_links":{"self":[{"href":"https:\/\/jayso.es\/fr\/wp-json\/wp\/v2\/pages\/1159","targetHints":{"allow":["GET"]}}],"collection":[{"href":"https:\/\/jayso.es\/fr\/wp-json\/wp\/v2\/pages"}],"about":[{"href":"https:\/\/jayso.es\/fr\/wp-json\/wp\/v2\/types\/page"}],"author":[{"embeddable":true,"href":"https:\/\/jayso.es\/fr\/wp-json\/wp\/v2\/users\/1"}],"replies":[{"embeddable":true,"href":"https:\/\/jayso.es\/fr\/wp-json\/wp\/v2\/comments?post=1159"}],"version-history":[{"count":5,"href":"https:\/\/jayso.es\/fr\/wp-json\/wp\/v2\/pages\/1159\/revisions"}],"predecessor-version":[{"id":1164,"href":"https:\/\/jayso.es\/fr\/wp-json\/wp\/v2\/pages\/1159\/revisions\/1164"}],"wp:attachment":[{"href":"https:\/\/jayso.es\/fr\/wp-json\/wp\/v2\/media?parent=1159"}],"curies":[{"name":"wp","href":"https:\/\/api.w.org\/{rel}","templated":true}]}}